{"id":4519,"date":"2014-09-29T11:27:16","date_gmt":"2014-09-29T11:27:16","guid":{"rendered":"http:\/\/demos.artbees.net\/jupiter\/eurydome\/?page_id=4519"},"modified":"2019-05-30T03:08:31","modified_gmt":"2019-05-30T01:08:31","slug":"grafica-pubblicitaria-comunicazione","status":"publish","type":"page","link":"https:\/\/morganadesign.it\/index.php\/grafica-pubblicitaria-comunicazione\/","title":{"rendered":"Morgana Design &#8211; Grafica Pubblicitaria e Comunicazione"},"content":{"rendered":"[mk_page_section bg_image=&#8221;http:\/\/demos.artbees.net\/jupiter\/eurydome\/wp-content\/uploads\/sites\/19\/2014\/09\/about-header.jpg&#8221; bg_repeat=&#8221;no-repeat&#8221; bg_stretch=&#8221;true&#8221; min_height=&#8221;380&#8243; padding_top=&#8221;0&#8243; padding_bottom=&#8221;0&#8243; sidebar=&#8221;sidebar-1&#8243; first_page=&#8221;false&#8221; last_page=&#8221;false&#8221;][vc_column][mk_fancy_title color=&#8221;#ffffff&#8221; size=&#8221;26&#8243; font_weight=&#8221;bold&#8221; font_style=&#8221;inhert&#8221; letter_spacing=&#8221;1&#8243; margin_top=&#8221;160&#8243; margin_bottom=&#8221;18&#8243; font_family=&#8221;Open+Sans&#8221; font_type=&#8221;google&#8221; align=&#8221;center&#8221;]\n<p>Grafica Pubblicitaria<\/p>\n[\/mk_fancy_title][\/vc_column][\/mk_page_section][mk_page_section bg_stretch=&#8221;true&#8221; full_width=&#8221;true&#8221; padding_top=&#8221;0&#8243; padding_bottom=&#8221;0&#8243; sidebar=&#8221;sidebar-1&#8243;][vc_column][mk_portfolio_carousel style=&#8221;modern&#8221; count=&#8221;12&#8243; categories=&#8221;web, advertising, corporate, illustration, logotipo, packaging, poster, print, uiux&#8221;][\/vc_column][\/mk_page_section][vc_row attached=&#8221;true&#8221; padding=&#8221;3&#8243;][vc_column width=&#8221;1\/2&#8243;][mk_fancy_title color=&#8221;#393836&#8243; size=&#8221;24&#8243; font_weight=&#8221;bold&#8221; font_style=&#8221;inhert&#8221; txt_transform=&#8221;none&#8221; letter_spacing=&#8221;1&#8243; margin_top=&#8221;60&#8243; font_family=&#8221;Open+Sans&#8221; font_type=&#8221;google&#8221;]\n<p>Non solo DESIGN, ma un\u00a0nuovo concetto di Grafica Pubblicitaria<\/p>\n[\/mk_fancy_title][vc_column_text disable_pattern=&#8221;false&#8221;]Morgana \u00e8 nata e\u00a0cresciuta circondata dalle linee grafiche del fumetto d&#8217;autore, immaginava il suo futuro come stilista in una boutique d&#8217;alta moda. Subito dopo il diploma il suo primo approccio al mondo del lavoro \u00e8 stato come impiegata presso la Caf\u00e8 Noir, rinomata azienda italiana nel settore delle calzature da donna. E&#8217; proprio durante il suo percorso formativo alla Caf\u00e8 Noir che ha scoperto la magia della Grafica Pubblicitaria.<\/p>\n<p>Una buona cultura artistica, un&#8217;ottima manualit\u00e0, curiosit\u00e0 e caparbiet\u00e0 hanno permesso a Morgana di creare in pochissimi anni un punto di riferimento per tutte le aziende Pratesi che avessero bisogno di soluzioni creative per comunicare e promuovere la propria azienda.[\/vc_column_text][mk_fancy_title color=&#8221;#393836&#8243; size=&#8221;24&#8243; font_weight=&#8221;bold&#8221; font_style=&#8221;inhert&#8221; txt_transform=&#8221;none&#8221; letter_spacing=&#8221;1&#8243; font_family=&#8221;Open+Sans&#8221; font_type=&#8221;google&#8221;]\n<p>100% Morgana<\/p>\n[\/mk_fancy_title][vc_column_text disable_pattern=&#8221;false&#8221;]\n<p>Dopo 10 anni di attivit\u00e0 nel distretto\u00a0Pratese, Morgana ha sentito l&#8217;esigenza di fermarsi ad analizzare quelli che erano i cambiamenti e\u00a0le necessit\u00e0\u00a0del mercato, ed \u00e8 grazie al fortunato incontro con\u00a0lo staff di <a href=\"http:\/\/www.commitsoftware.it\/\" target=\"_blank\" rel=\"noopener\">Commit Software<\/a>\u00a0che ha cominciato ad esplorare nuove possibilit\u00e0 di business trasferendo le proprie competenze dal piano &#8220;tradizionale&#8221; (grafica editoriale, impaginazione, progettazione di stampe serigrafiche per l&#8217;abbigliamento e texture all-over per tessuti) al piano &#8220;tecnologico&#8221;, ovvero web design, UI\/UX, layout per applicazioni mobile e\u00a0software, e portando ad un piano superiore\u00a0il concetto di <strong>Grafica Pubblicitaria<\/strong>.<\/p>\n[\/vc_column_text][\/vc_column][vc_column width=&#8221;1\/2&#8243;][mk_fancy_title color=&#8221;#393836&#8243; size=&#8221;24&#8243; font_weight=&#8221;bold&#8221; font_style=&#8221;inhert&#8221; txt_transform=&#8221;none&#8221; letter_spacing=&#8221;1&#8243; margin_top=&#8221;60&#8243; margin_bottom=&#8221;30&#8243; font_family=&#8221;Open+Sans&#8221; font_type=&#8221;google&#8221; align=&#8221;center&#8221;]\n<p style=\"text-align: left;\">Skills &amp; Abilities<\/p>\n[\/mk_fancy_title][mk_skill_meter title=&#8221;PHOTOSHOP&#8221; percent=&#8221;90&#8243;][mk_skill_meter title=&#8221;LIGHTROOM&#8221; percent=&#8221;62&#8243;][mk_skill_meter title=&#8221;ILLUSTRATOR&#8221; percent=&#8221;80&#8243;][mk_skill_meter title=&#8221;INDESIGN&#8221; percent=&#8221;90&#8243;][mk_skill_meter title=&#8221;WORDPRESS&#8221; percent=&#8221;85&#8243;][mk_padding_divider size=&#8221;30&#8243;][vc_column_text disable_pattern=&#8221;false&#8221;]\n<blockquote><p><em><strong>Filosofia dell&#8217;Estetica<\/strong> di Remo Bodei<\/em>, \u00e8 da questa breve lettura che nasce la mia passione per il Brand &amp; Corporate Identity.\u00a0<span class=\"field-text yeah\">Aiutare le imprese a migliorare, uniformare e rendere credibile la propria immagine aziendale, ottimizzando i mezzi e le risorse attraverso la grafica pubblicitaria&#8230;questa \u00e8 la mia vera vocazione.<\/span><\/p><\/blockquote>\n[\/vc_column_text][\/vc_column][\/vc_row][mk_page_section bg_color=&#8221;#e0e0e0&#8243; first_page=&#8221;false&#8221; last_page=&#8221;false&#8221; sidebar=&#8221;sidebar-1&#8243;][vc_column][mk_padding_divider size=&#8221;35&#8243;][mk_fancy_title color=&#8221;#393836&#8243; size=&#8221;24&#8243; font_weight=&#8221;bold&#8221; font_style=&#8221;inhert&#8221; txt_transform=&#8221;none&#8221; letter_spacing=&#8221;1&#8243; margin_top=&#8221;60&#8243; margin_bottom=&#8221;18&#8243; font_family=&#8221;Open+Sans&#8221; font_type=&#8221;google&#8221;]\n<p style=\"text-align: center;\">STAFF &amp;\u00a0JOINT VENTURE<\/p>\n[\/mk_fancy_title][mk_employees description=&#8221;false&#8221; order=&#8221;ASC&#8221; orderby=&#8221;menu_order&#8221; box_blur=&#8221;false&#8221; employees=&#8221;1034, 1035, 1036&#8243;][\/vc_column][\/mk_page_section][vc_row padding=&#8221;0&#8243;][vc_column][mk_padding_divider size=&#8221;35&#8243;][\/vc_column][\/vc_row][vc_row padding=&#8221;0&#8243;][vc_column width=&#8221;1\/4&#8243;][mk_chart percent=&#8221;78&#8243; line_width=&#8221;8&#8243; bar_size=&#8221;220&#8243; percentage_color=&#8221;#444444&#8243; desc=&#8221;Concepts &amp; Ideas&#8221; desc_color=&#8221;#444444&#8243;][\/vc_column][vc_column width=&#8221;1\/4&#8243;][mk_chart percent=&#8221;70&#8243; line_width=&#8221;8&#8243; bar_size=&#8221;220&#8243; percentage_color=&#8221;#444444&#8243; desc=&#8221;Supporto Clienti&#8221; desc_color=&#8221;#444444&#8243;][\/vc_column][vc_column width=&#8221;1\/4&#8243;][mk_chart percent=&#8221;90&#8243; line_width=&#8221;8&#8243; bar_size=&#8221;220&#8243; percentage_color=&#8221;#444444&#8243; desc=&#8221;Progetti realizzati&#8221; desc_color=&#8221;#444444&#8243;][\/vc_column][vc_column width=&#8221;1\/4&#8243;][mk_chart percent=&#8221;94&#8243; line_width=&#8221;8&#8243; bar_size=&#8221;220&#8243; percentage_color=&#8221;#444444&#8243; desc=&#8221;Feedback positivi&#8221; desc_color=&#8221;#444444&#8243;][\/vc_column][\/vc_row][vc_row padding=&#8221;0&#8243;][vc_column][mk_padding_divider size=&#8221;35&#8243;][\/vc_column][\/vc_row][mk_page_section bg_image=&#8221;https:\/\/morganadesign.it\/wp-content\/uploads\/2014\/09\/ABOUT.jpg&#8221; attachment=&#8221;fixed&#8221; bg_position=&#8221;center center&#8221; bg_repeat=&#8221;no-repeat&#8221; bg_stretch=&#8221;true&#8221; enable_3d=&#8221;true&#8221; min_height=&#8221;0&#8243; padding_top=&#8221;180&#8243; padding_bottom=&#8221;180&#8243; sidebar=&#8221;sidebar-1&#8243; first_page=&#8221;false&#8221; last_page=&#8221;false&#8221;][vc_column][mk_testimonials style=&#8221;simple&#8221; skin=&#8221;light&#8221; count=&#8221;-1&#8243;][\/vc_column][\/mk_page_section][mk_page_section bg_color=&#8221;#e94a5a&#8221; sidebar=&#8221;sidebar-1&#8243; first_page=&#8221;false&#8221; last_page=&#8221;false&#8221;][vc_column][mk_fancy_title color=&#8221;#393836&#8243; size=&#8221;18&#8243; font_style=&#8221;inhert&#8221; txt_transform=&#8221;none&#8221; margin_top=&#8221;33&#8243; margin_bottom=&#8221;11&#8243; font_family=&#8221;Open+Sans&#8221; font_type=&#8221;google&#8221;]\n<p style=\"text-align: center;\"><span style=\"color: #ffffff;\">Scopri tutti i servizi ed il network di professionisti con i quali Morgana Design collabora<\/span><\/p>\n[\/mk_fancy_title][mk_button dimension=&#8221;savvy&#8221; size=&#8221;medium&#8221; url=&#8221;http:\/\/test.morganadesign.it\/index.php\/contact\/&#8221; align=&#8221;center&#8221; margin_bottom=&#8221;34&#8243; outline_skin=&#8221;light&#8221;]CONTATTAMI<\/p>\n[\/mk_button][\/vc_column][\/mk_page_section]\n","protected":false},"excerpt":{"rendered":"<p>[mk_page_section bg_image=&#8221;http:\/\/demos.artbees.net\/jupiter\/eurydome\/wp-content\/uploads\/sites\/19\/2014\/09\/about-header.jpg&#8221; bg_repeat=&#8221;no-repeat&#8221; bg_stretch=&#8221;true&#8221; min_height=&#8221;380&#8243; padding_top=&#8221;0&#8243; padding_bottom=&#8221;0&#8243; sidebar=&#8221;sidebar-1&#8243; first_page=&#8221;false&#8221; last_page=&#8221;false&#8221;][vc_column][mk_fancy_title color=&#8221;#ffffff&#8221; size=&#8221;26&#8243; font_weight=&#8221;bold&#8221; font_style=&#8221;inhert&#8221; letter_spacing=&#8221;1&#8243; margin_top=&#8221;160&#8243; margin_bottom=&#8221;18&#8243; font_family=&#8221;Open+Sans&#8221; font_type=&#8221;google&#8221; align=&#8221;center&#8221;] Grafica Pubblicitaria [\/mk_fancy_title][\/vc_column][\/mk_page_section][mk_page_section bg_stretch=&#8221;true&#8221; full_width=&#8221;true&#8221; padding_top=&#8221;0&#8243; padding_bottom=&#8221;0&#8243; sidebar=&#8221;sidebar-1&#8243;][vc_column][mk_portfolio_carousel style=&#8221;modern&#8221; count=&#8221;12&#8243; categories=&#8221;web, advertising, corporate, illustration, logotipo, packaging, poster, print, uiux&#8221;][\/vc_column][\/mk_page_section][vc_row attached=&#8221;true&#8221; padding=&#8221;3&#8243;][vc_column width=&#8221;1\/2&#8243;][mk_fancy_title color=&#8221;#393836&#8243; size=&#8221;24&#8243; font_weight=&#8221;bold&#8221; font_style=&#8221;inhert&#8221; txt_transform=&#8221;none&#8221; letter_spacing=&#8221;1&#8243; margin_top=&#8221;60&#8243; font_family=&#8221;Open+Sans&#8221; font_type=&#8221;google&#8221;] Non solo DESIGN, ma [&hellip;]<\/p>\n","protected":false},"author":1,"featured_media":6400,"parent":0,"menu_order":0,"comment_status":"open","ping_status":"open","template":"","meta":{"footnotes":""},"class_list":["post-4519","page","type-page","status-publish","has-post-thumbnail","hentry"],"_links":{"self":[{"href":"https:\/\/morganadesign.it\/index.php\/wp-json\/wp\/v2\/pages\/4519","targetHints":{"allow":["GET"]}}],"collection":[{"href":"https:\/\/morganadesign.it\/index.php\/wp-json\/wp\/v2\/pages"}],"about":[{"href":"https:\/\/morganadesign.it\/index.php\/wp-json\/wp\/v2\/types\/page"}],"author":[{"embeddable":true,"href":"https:\/\/morganadesign.it\/index.php\/wp-json\/wp\/v2\/users\/1"}],"replies":[{"embeddable":true,"href":"https:\/\/morganadesign.it\/index.php\/wp-json\/wp\/v2\/comments?post=4519"}],"version-history":[{"count":6,"href":"https:\/\/morganadesign.it\/index.php\/wp-json\/wp\/v2\/pages\/4519\/revisions"}],"predecessor-version":[{"id":6912,"href":"https:\/\/morganadesign.it\/index.php\/wp-json\/wp\/v2\/pages\/4519\/revisions\/6912"}],"wp:featuredmedia":[{"embeddable":true,"href":"https:\/\/morganadesign.it\/index.php\/wp-json\/wp\/v2\/media\/6400"}],"wp:attachment":[{"href":"https:\/\/morganadesign.it\/index.php\/wp-json\/wp\/v2\/media?parent=4519"}],"curies":[{"name":"wp","href":"https:\/\/api.w.org\/{rel}","templated":true}]}}